{"id":102,"date":"2011-05-15T20:27:46","date_gmt":"2011-05-15T19:27:46","guid":{"rendered":"http:\/\/www.biciklisticki-klub-slatina.hr\/?page_id=102"},"modified":"2011-05-28T14:44:21","modified_gmt":"2011-05-28T13:44:21","slug":"kontakt","status":"publish","type":"page","link":"https:\/\/www.biciklisticki-klub-slatina.hr\/?page_id=102","title":{"rendered":"Kontakt"},"content":{"rendered":"<p><strong>BICIKLISTI\u010cK KLUB SLATINA<\/strong><br \/>\n33520 SLATINA<br \/>\nBRA\u0106E RADI\u0106A 13<\/p>\n<pre><a>info@biciklisticki-klub-slatina.hr<\/a><\/pre>\n<p>Predsjednik<br \/>\n<strong><em>Mladen Crnobrnja<br \/>\n098 1668 872<\/em><\/strong><\/p>\n<p>Dopredsjednik<br \/>\n<strong><em>\u017deljko Juras<br \/>\n091 1552 106<\/em><\/strong><\/p>\n<p>Tajnik<br \/>\n<strong><em>Boris Ladan<br \/>\n099 4174 588<\/em><\/strong><\/p>\n","protected":false},"excerpt":{"rendered":"<p>BICIKLISTI\u010cK KLUB SLATINA 33520 SLATINA BRA\u0106E RADI\u0106A 13 info@biciklisticki-klub-slatina.hr Predsjednik Mladen Crnobrnja 098 1668 872 Dopredsjednik \u017deljko Juras 091 1552 106 Tajnik Boris Ladan 099 4174 588<\/p>\n","protected":false},"author":1,"featured_media":0,"parent":0,"menu_order":0,"comment_status":"open","ping_status":"closed","template":"","meta":{"ngg_post_thumbnail":0,"footnotes":""},"_links":{"self":[{"href":"https:\/\/www.biciklisticki-klub-slatina.hr\/index.php?rest_route=\/wp\/v2\/pages\/102"}],"collection":[{"href":"https:\/\/www.biciklisticki-klub-slatina.hr\/index.php?rest_route=\/wp\/v2\/pages"}],"about":[{"href":"https:\/\/www.biciklisticki-klub-slatina.hr\/index.php?rest_route=\/wp\/v2\/types\/page"}],"author":[{"embeddable":true,"href":"https:\/\/www.biciklisticki-klub-slatina.hr\/index.php?rest_route=\/wp\/v2\/users\/1"}],"replies":[{"embeddable":true,"href":"https:\/\/www.biciklisticki-klub-slatina.hr\/index.php?rest_route=%2Fwp%2Fv2%2Fcomments&post=102"}],"version-history":[{"count":0,"href":"https:\/\/www.biciklisticki-klub-slatina.hr\/index.php?rest_route=\/wp\/v2\/pages\/102\/revisions"}],"wp:attachment":[{"href":"https:\/\/www.biciklisticki-klub-slatina.hr\/index.php?rest_route=%2Fwp%2Fv2%2Fmedia&parent=102"}],"curies":[{"name":"wp","href":"https:\/\/api.w.org\/{rel}","templated":true}]}}